{"id":2,"date":"2011-05-25T19:58:08","date_gmt":"2011-05-25T19:58:08","guid":{"rendered":"http:\/\/www.uzaymedikal.com\/?page_id=2"},"modified":"2011-08-15T15:11:51","modified_gmt":"2011-08-15T12:11:51","slug":"sample-page","status":"publish","type":"page","link":"http:\/\/www.uzaymedikal.com\/?page_id=2","title":{"rendered":"\u0130leti\u015fim"},"content":{"rendered":"<h4><span style=\"color: #800000;\"><strong>Uzay Medikal T\u0131bbi Cihazlar Servis Bak\u0131m ve Onar\u0131m Hizmetleri | S\u0131f\u0131r ve 2. El T\u0131bbi Cihaz Sat\u0131\u015f\u0131 | Sat\u0131\u015f Sonras\u0131 Teknik Servis<br \/>\n<\/strong><\/span><\/h4>\n<div><strong>Millet Cad. Karag\u00fcl \u0130\u015f Merkezi No:84 D:27 <\/strong><br \/>\n<strong>F\u0131nd\u0131kzade \/Fatih \/ \u0130STANBUL<\/strong><\/div>\n<p><span style=\"color: #800000;\"><strong>Tel: 0 212 534 63 85<\/strong><\/span><\/p>\n<p><span style=\"color: #800000;\"><strong><a href=\"mailto:uzaymedikal@hotmail.com\">uzaymedikal@hotmail.com<\/a> (MSN)<\/strong><\/span><\/p>\n<p><span style=\"color: #800000;\">Hesap Numaralar\u0131:<\/span><\/p>\n<p><strong><span style=\"color: #800000;\">Ahmet G\u00dcZELHUY<br \/>\n<\/span><\/strong><span style=\"color: #800000;\">Ziraat Bankas\u0131 \u015eehremini \u015eubesi<br \/>\n<\/span><span style=\"color: #800000;\"><strong>IBAN : TR43 0001 0008 6653 9955 6650 01<\/strong><\/span><\/p>\n\n<p class=\"sayac_bilgi\">0 Okunma..<\/p>\n","protected":false},"excerpt":{"rendered":"<p>Uzay Medikal T\u0131bbi Cihazlar Servis Bak\u0131m ve Onar\u0131m Hizmetleri | S\u0131f\u0131r ve 2. El T\u0131bbi Cihaz Sat\u0131\u015f\u0131 | Sat\u0131\u015f Sonras\u0131 Teknik Servis Millet Cad. Karag\u00fcl \u0130\u015f Merkezi No:84 D:27 F\u0131nd\u0131kzade \/Fatih \/ \u0130STANBUL Tel: 0 212 534 63 85 uzaymedikal@hotmail.com &hellip; <a href=\"http:\/\/www.uzaymedikal.com\/?page_id=2\">Okumaya devam et <span class=\"meta-nav\">&rarr;<\/span><\/a><\/p>\n","protected":false},"author":1,"featured_media":0,"parent":0,"menu_order":0,"comment_status":"open","ping_status":"open","template":"","meta":{"ngg_post_thumbnail":0},"_links":{"self":[{"href":"http:\/\/www.uzaymedikal.com\/index.php?rest_route=\/wp\/v2\/pages\/2"}],"collection":[{"href":"http:\/\/www.uzaymedikal.com\/index.php?rest_route=\/wp\/v2\/pages"}],"about":[{"href":"http:\/\/www.uzaymedikal.com\/index.php?rest_route=\/wp\/v2\/types\/page"}],"author":[{"embeddable":true,"href":"http:\/\/www.uzaymedikal.com\/index.php?rest_route=\/wp\/v2\/users\/1"}],"replies":[{"embeddable":true,"href":"http:\/\/www.uzaymedikal.com\/index.php?rest_route=%2Fwp%2Fv2%2Fcomments&post=2"}],"version-history":[{"count":12,"href":"http:\/\/www.uzaymedikal.com\/index.php?rest_route=\/wp\/v2\/pages\/2\/revisions"}],"predecessor-version":[{"id":4,"href":"http:\/\/www.uzaymedikal.com\/index.php?rest_route=\/wp\/v2\/pages\/2\/revisions\/4"}],"wp:attachment":[{"href":"http:\/\/www.uzaymedikal.com\/index.php?rest_route=%2Fwp%2Fv2%2Fmedia&parent=2"}],"curies":[{"name":"wp","href":"https:\/\/api.w.org\/{rel}","templated":true}]}}